{"id":2574,"date":"2023-11-27T09:31:53","date_gmt":"2023-11-27T09:31:53","guid":{"rendered":"https:\/\/klbtheme.com\/grogin\/?page_id=2574"},"modified":"2026-03-25T17:11:11","modified_gmt":"2026-03-25T17:11:11","slug":"contact","status":"publish","type":"page","link":"https:\/\/app.sellaagri.com\/fr\/contact\/","title":{"rendered":"Contact"},"content":{"rendered":"<div data-elementor-type=\"wp-page\" data-elementor-id=\"2574\" class=\"elementor elementor-2574\" data-elementor-post-type=\"page\">\n\t\t\t\t<div class=\"elementor-element elementor-element-03b9a98 e-con-full e-flex e-con e-parent\" data-id=\"03b9a98\" data-element_type=\"container\" data-e-type=\"container\">\n\t\t\t\t<div class=\"elementor-element elementor-element-debe21b elementor-widget elementor-widget-grogin-page-banner\" data-id=\"debe21b\" data-element_type=\"widget\" data-e-type=\"widget\" data-widget_type=\"grogin-page-banner.default\">\n\t\t\t\t<div class=\"elementor-widget-container\">\n\t\t\t\t\t<div class=\"page-header text-center\"><div class=\"container\"><h3 class=\"entry-subtitle text-12 sm-text-13\">Nous contacter<\/h3><h1 class=\"entry-title sm-text-56\">Vous pouvez nous poser des questions\n<\/h1><div class=\"max-w-520 mx-auto text-13 sm-text-15\"><p class=\"mb-0\">Contactez-nous pour toutes vos questions et opinions, ou vous pouvez r\u00e9soudre vos probl\u00e8mes plus rapidement avec nos bureaux de contact.<\/p><\/div><!-- entry-teaser --><\/div><!-- container --><\/div>\t\t\t\t<\/div>\n\t\t\t\t<\/div>\n\t\t\t\t<\/div>\n\t\t<div class=\"elementor-element elementor-element-069ea0b e-flex e-con-boxed e-con e-parent\" data-id=\"069ea0b\" data-element_type=\"container\" data-e-type=\"container\">\n\t\t\t\t\t<div class=\"e-con-inner\">\n\t\t<div class=\"elementor-element elementor-element-56879b5 e-con-full e-flex e-con e-child\" data-id=\"56879b5\" data-element_type=\"container\" data-e-type=\"container\">\n\t\t\t\t<div class=\"elementor-element elementor-element-8930198 elementor-widget-divider--view-line elementor-widget elementor-widget-divider\" data-id=\"8930198\" data-element_type=\"widget\" data-e-type=\"widget\" data-widget_type=\"divider.default\">\n\t\t\t\t\t\t\t<div class=\"elementor-divider\">\n\t\t\t<span class=\"elementor-divider-separator\">\n\t\t\t\t\t\t<\/span>\n\t\t<\/div>\n\t\t\t\t\t\t<\/div>\n\t\t\t\t<\/div>\n\t\t\t\t\t<\/div>\n\t\t\t\t<\/div>\n\t\t<div class=\"elementor-element elementor-element-5f79f89 e-flex e-con-boxed e-con e-parent\" data-id=\"5f79f89\" data-element_type=\"container\" data-e-type=\"container\">\n\t\t\t\t\t<div class=\"e-con-inner\">\n\t\t<div class=\"elementor-element elementor-element-cc73661 e-con-full e-flex e-con e-child\" data-id=\"cc73661\" data-element_type=\"container\" data-e-type=\"container\">\n\t\t\t\t<div class=\"elementor-element elementor-element-97d677e elementor-widget elementor-widget-heading\" data-id=\"97d677e\" data-element_type=\"widget\" data-e-type=\"widget\" data-widget_type=\"heading.default\">\n\t\t\t\t\t<h3 class=\"elementor-heading-title elementor-size-default\">Nos bureaux\n<\/h3>\t\t\t\t<\/div>\n\t\t\t\t<div class=\"elementor-element elementor-element-894d81f elementor-widget elementor-widget-heading\" data-id=\"894d81f\" data-element_type=\"widget\" data-e-type=\"widget\" data-widget_type=\"heading.default\">\n\t\t\t\t\t<p class=\"elementor-heading-title elementor-size-default\">On dekande mydurtad mora \u00e4ven om skurkstat. Les d\u00e9lais semestriels sont respect\u00e9s. Les radiog\u00e8nes ont \u00e9galement \u00e9t\u00e9 utilis\u00e9s pour la pr\u00e9paration \u00e0 l'utilisation d'une sp\u00e9cialit\u00e9 traditionnelle dans le domaine de l'\u00e9nergie. La situation est grave. Tun gps-v\u00e4st att epiligt. Diliga tresk dira. Ens biov dijevis.\n\n<\/p>\t\t\t\t<\/div>\n\t\t<div class=\"elementor-element elementor-element-2d4215a e-con-full e-flex e-con e-child\" data-id=\"2d4215a\" data-element_type=\"container\" data-e-type=\"container\">\n\t\t\t\t<div class=\"elementor-element elementor-element-1586fcc elementor-widget elementor-widget-grogin-address-box\" data-id=\"1586fcc\" data-element_type=\"widget\" data-e-type=\"widget\" data-widget_type=\"grogin-address-box.default\">\n\t\t\t\t<div class=\"elementor-widget-container\">\n\t\t\t\t\t<div class=\"contact-details\"><div class=\"map-icon\"><i class=\"klb-icon-map-pin\"><\/i><\/div><div class=\"contact-info\"><span class=\"text-12\">Maroc<\/span><h4 class=\"text-16 sm-text-18 fw-medium\">Bureau d'Agadir<\/h4><p class=\"text-13 text-gray-600\">205 rue hassan 2, 2\u00e8me \u00e9tage, Agadir<\/p><a class=\"phone\" href=\"tel:+212 5 28009922\">+212 5 28009922<\/a><a class=\"email\" href=\"mailto:contact@sellaagri.com\">contact@sellaagri.com<\/a><\/div><!-- contact-info --><\/div><!-- contact-details -->\t\t\t\t<\/div>\n\t\t\t\t<\/div>\n\t\t\t\t<div class=\"elementor-element elementor-element-a470552 elementor-widget elementor-widget-grogin-address-box\" data-id=\"a470552\" data-element_type=\"widget\" data-e-type=\"widget\" data-widget_type=\"grogin-address-box.default\">\n\t\t\t\t<div class=\"elementor-widget-container\">\n\t\t\t\t\t<div class=\"contact-details\"><div class=\"map-icon\"><i class=\"klb-icon-map-pin\"><\/i><\/div><div class=\"contact-info\"><span class=\"text-12\">Maroc<\/span><h4 class=\"text-16 sm-text-18 fw-medium\">Bureau de Casablanca<\/h4><p class=\"text-13 text-gray-600\">205 Middle Road, 3\u00e8me \u00e9tage, Casablanca\n\n\n<\/p><a class=\"phone\" href=\"tel:+212 7 45612322\">+212 7 45612322<\/a><a class=\"email\" href=\"mailto:contact@sellaagri.com\">contact@sellaagri.com<\/a><\/div><!-- contact-info --><\/div><!-- contact-details -->\t\t\t\t<\/div>\n\t\t\t\t<\/div>\n\t\t\t\t<\/div>\n\t\t\t\t<div class=\"elementor-element elementor-element-091cf4e elementor-widget-divider--view-line elementor-widget elementor-widget-divider\" data-id=\"091cf4e\" data-element_type=\"widget\" data-e-type=\"widget\" data-widget_type=\"divider.default\">\n\t\t\t\t\t\t\t<div class=\"elementor-divider\">\n\t\t\t<span class=\"elementor-divider-separator\">\n\t\t\t\t\t\t<\/span>\n\t\t<\/div>\n\t\t\t\t\t\t<\/div>\n\t\t<div class=\"elementor-element elementor-element-74f7c5e e-con-full e-flex e-con e-child\" data-id=\"74f7c5e\" data-element_type=\"container\" data-e-type=\"container\">\n\t\t\t\t<div class=\"elementor-element elementor-element-69a7cfe elementor-widget elementor-widget-heading\" data-id=\"69a7cfe\" data-element_type=\"widget\" data-e-type=\"widget\" data-widget_type=\"heading.default\">\n\t\t\t\t\t<span class=\"elementor-heading-title elementor-size-default\">Suivez-nous :\n<\/span>\t\t\t\t<\/div>\n\t\t\t\t<div class=\"elementor-element elementor-element-158dc88 elementor-shape-rounded elementor-grid-0 e-grid-align-center elementor-widget elementor-widget-social-icons\" data-id=\"158dc88\" data-element_type=\"widget\" data-e-type=\"widget\" data-widget_type=\"social-icons.default\">\n\t\t\t\t\t\t\t<div class=\"elementor-social-icons-wrapper elementor-grid\" role=\"list\">\n\t\t\t\t\t\t\t<span class=\"elementor-grid-item\" role=\"listitem\">\n\t\t\t\t\t<a class=\"elementor-icon elementor-social-icon elementor-social-icon-facebook elementor-repeater-item-216c928\" href=\"https:\/\/www.facebook.com\/\" target=\"_blank\">\n\t\t\t\t\t\t<span class=\"elementor-screen-only\">Facebook<\/span>\n\t\t\t\t\t\t<svg aria-hidden=\"true\" class=\"e-font-icon-svg e-fab-facebook\" viewbox=\"0 0 512 512\" xmlns=\"http:\/\/www.w3.org\/2000\/svg\"><path d=\"M504 256C504 119 393 8 256 8S8 119 8 256c0 123.78 90.69 226.38 209.25 245V327.69h-63V256h63v-54.64c0-62.15 37-96.48 93.67-96.48 27.14 0 55.52 4.84 55.52 4.84v61h-31.28c-30.8 0-40.41 19.12-40.41 38.73V256h68.78l-11 71.69h-57.78V501C413.31 482.38 504 379.78 504 256z\"><\/path><\/svg>\t\t\t\t\t<\/a>\n\t\t\t\t<\/span>\n\t\t\t\t\t\t\t<span class=\"elementor-grid-item\" role=\"listitem\">\n\t\t\t\t\t<a class=\"elementor-icon elementor-social-icon elementor-social-icon-twitter elementor-repeater-item-673beaa\" href=\"https:\/\/x.com\/\" target=\"_blank\">\n\t\t\t\t\t\t<span class=\"elementor-screen-only\">Twitter<\/span>\n\t\t\t\t\t\t<svg aria-hidden=\"true\" class=\"e-font-icon-svg e-fab-twitter\" viewbox=\"0 0 512 512\" xmlns=\"http:\/\/www.w3.org\/2000\/svg\"><path d=\"M459.37 151.716c.325 4.548.325 9.097.325 13.645 0 138.72-105.583 298.558-298.558 298.558-59.452 0-114.68-17.219-161.137-47.106 8.447.974 16.568 1.299 25.34 1.299 49.055 0 94.213-16.568 130.274-44.832-46.132-.975-84.792-31.188-98.112-72.772 6.498.974 12.995 1.624 19.818 1.624 9.421 0 18.843-1.3 27.614-3.573-48.081-9.747-84.143-51.98-84.143-102.985v-1.299c13.969 7.797 30.214 12.67 47.431 13.319-28.264-18.843-46.781-51.005-46.781-87.391 0-19.492 5.197-37.36 14.294-52.954 51.655 63.675 129.3 105.258 216.365 109.807-1.624-7.797-2.599-15.918-2.599-24.04 0-57.828 46.782-104.934 104.934-104.934 30.213 0 57.502 12.67 76.67 33.137 23.715-4.548 46.456-13.32 66.599-25.34-7.798 24.366-24.366 44.833-46.132 57.827 21.117-2.273 41.584-8.122 60.426-16.243-14.292 20.791-32.161 39.308-52.628 54.253z\"><\/path><\/svg>\t\t\t\t\t<\/a>\n\t\t\t\t<\/span>\n\t\t\t\t\t\t\t<span class=\"elementor-grid-item\" role=\"listitem\">\n\t\t\t\t\t<a class=\"elementor-icon elementor-social-icon elementor-social-icon-instagram elementor-repeater-item-edefa95\" href=\"https:\/\/www.instagram.com\/\" target=\"_blank\">\n\t\t\t\t\t\t<span class=\"elementor-screen-only\">Instagram<\/span>\n\t\t\t\t\t\t<svg aria-hidden=\"true\" class=\"e-font-icon-svg e-fab-instagram\" viewbox=\"0 0 448 512\" xmlns=\"http:\/\/www.w3.org\/2000\/svg\"><path d=\"M224.1 141c-63.6 0-114.9 51.3-114.9 114.9s51.3 114.9 114.9 114.9S339 319.5 339 255.9 287.7 141 224.1 141zm0 189.6c-41.1 0-74.7-33.5-74.7-74.7s33.5-74.7 74.7-74.7 74.7 33.5 74.7 74.7-33.6 74.7-74.7 74.7zm146.4-194.3c0 14.9-12 26.8-26.8 26.8-14.9 0-26.8-12-26.8-26.8s12-26.8 26.8-26.8 26.8 12 26.8 26.8zm76.1 27.2c-1.7-35.9-9.9-67.7-36.2-93.9-26.2-26.2-58-34.4-93.9-36.2-37-2.1-147.9-2.1-184.9 0-35.8 1.7-67.6 9.9-93.9 36.1s-34.4 58-36.2 93.9c-2.1 37-2.1 147.9 0 184.9 1.7 35.9 9.9 67.7 36.2 93.9s58 34.4 93.9 36.2c37 2.1 147.9 2.1 184.9 0 35.9-1.7 67.7-9.9 93.9-36.2 26.2-26.2 34.4-58 36.2-93.9 2.1-37 2.1-147.8 0-184.8zM398.8 388c-7.8 19.6-22.9 34.7-42.6 42.6-29.5 11.7-99.5 9-132.1 9s-102.7 2.6-132.1-9c-19.6-7.8-34.7-22.9-42.6-42.6-11.7-29.5-9-99.5-9-132.1s-2.6-102.7 9-132.1c7.8-19.6 22.9-34.7 42.6-42.6 29.5-11.7 99.5-9 132.1-9s102.7-2.6 132.1 9c19.6 7.8 34.7 22.9 42.6 42.6 11.7 29.5 9 99.5 9 132.1s2.7 102.7-9 132.1z\"><\/path><\/svg>\t\t\t\t\t<\/a>\n\t\t\t\t<\/span>\n\t\t\t\t\t\t\t<span class=\"elementor-grid-item\" role=\"listitem\">\n\t\t\t\t\t<a class=\"elementor-icon elementor-social-icon elementor-social-icon-linkedin elementor-repeater-item-5883953\" href=\"https:\/\/www.linkedin.com\/\" target=\"_blank\">\n\t\t\t\t\t\t<span class=\"elementor-screen-only\">Linkedin<\/span>\n\t\t\t\t\t\t<svg aria-hidden=\"true\" class=\"e-font-icon-svg e-fab-linkedin\" viewbox=\"0 0 448 512\" xmlns=\"http:\/\/www.w3.org\/2000\/svg\"><path d=\"M416 32H31.9C14.3 32 0 46.5 0 64.3v383.4C0 465.5 14.3 480 31.9 480H416c17.6 0 32-14.5 32-32.3V64.3c0-17.8-14.4-32.3-32-32.3zM135.4 416H69V202.2h66.5V416zm-33.2-243c-21.3 0-38.5-17.3-38.5-38.5S80.9 96 102.2 96c21.2 0 38.5 17.3 38.5 38.5 0 21.3-17.2 38.5-38.5 38.5zm282.1 243h-66.4V312c0-24.8-.5-56.7-34.5-56.7-34.6 0-39.9 27-39.9 54.9V416h-66.4V202.2h63.7v29.2h.9c8.9-16.8 30.6-34.5 62.9-34.5 67.2 0 79.7 44.3 79.7 101.9V416z\"><\/path><\/svg>\t\t\t\t\t<\/a>\n\t\t\t\t<\/span>\n\t\t\t\t\t<\/div>\n\t\t\t\t\t\t<\/div>\n\t\t\t\t<\/div>\n\t\t\t\t<\/div>\n\t\t<div class=\"elementor-element elementor-element-b7c9a04 e-con-full e-flex e-con e-child\" data-id=\"b7c9a04\" data-element_type=\"container\" data-e-type=\"container\">\n\t\t\t\t<\/div>\n\t\t<div class=\"elementor-element elementor-element-44edf67 e-con-full e-flex e-con e-child\" data-id=\"44edf67\" data-element_type=\"container\" data-e-type=\"container\">\n\t\t\t\t<div class=\"elementor-element elementor-element-bd3e65a elementor-widget elementor-widget-heading\" data-id=\"bd3e65a\" data-element_type=\"widget\" data-e-type=\"widget\" data-widget_type=\"heading.default\">\n\t\t\t\t\t<p class=\"elementor-heading-title elementor-size-default\">On dekande mydurtad mora \u00e4ven om skurkstat. Les d\u00e9lais semestriels sont respect\u00e9s. Les radiog\u00e8nes ont \u00e9t\u00e9 utilis\u00e9s m\u00eame pour la pr\u00e9paration de l'examen dans le cadre d'une sp\u00e9cialisation traditionnelle.\n\n<\/p>\t\t\t\t<\/div>\n\t\t\t\t<div class=\"elementor-element elementor-element-900b30a elementor-widget elementor-widget-grogin-contact-form-7\" data-id=\"900b30a\" data-element_type=\"widget\" data-e-type=\"widget\" data-widget_type=\"grogin-contact-form-7.default\">\n\t\t\t\t<div class=\"elementor-widget-container\">\n\t\t\t\t\t<div class=\"klb-contact-form contact-form-wrapper\">\n<div class=\"wpcf7 no-js\" id=\"wpcf7-f2668-o1\" lang=\"en-US\" dir=\"ltr\" data-wpcf7-id=\"2668\">\n<div class=\"screen-reader-response\"><p role=\"status\" aria-live=\"polite\" aria-atomic=\"true\"><\/p> <ul><\/ul><\/div>\n<form action=\"\/fr\/wp-json\/wp\/v2\/pages\/2574#wpcf7-f2668-o1\" method=\"post\" class=\"wpcf7-form init\" aria-label=\"Contact form\" novalidate=\"novalidate\" data-status=\"init\" data-trp-original-action=\"\/fr\/wp-json\/wp\/v2\/pages\/2574#wpcf7-f2668-o1\">\n<fieldset class=\"hidden-fields-container\"><input type=\"hidden\" name=\"_wpcf7\" value=\"2668\" \/><input type=\"hidden\" name=\"_wpcf7_version\" value=\"6.1.5\" \/><input type=\"hidden\" name=\"_wpcf7_locale\" value=\"en_US\" \/><input type=\"hidden\" name=\"_wpcf7_unit_tag\" value=\"wpcf7-f2668-o1\" \/><input type=\"hidden\" name=\"_wpcf7_container_post\" value=\"0\" \/><input type=\"hidden\" name=\"_wpcf7_posted_data_hash\" value=\"\" \/>\n<\/fieldset>\n<div class=\"row\">\n\t<div class=\"col-12 col-lg-6\">\n\t\t<p><label> Votre nom * <\/label><span class=\"wpcf7-form-control-wrap\" data-name=\"your-name\"><input size=\"40\" maxlength=\"400\" class=\"wpcf7-form-control wpcf7-text wpcf7-validates-as-required\" aria-required=\"true\" aria-invalid=\"false\" value=\"\" type=\"text\" name=\"your-name\" \/><\/span>\n\t\t<\/p>\n\t<\/div>\n\t<div class=\"col-12 col-lg-6\">\n\t\t<p><label> Votre email *<\/label><span class=\"wpcf7-form-control-wrap\" data-name=\"your-email\"><input size=\"40\" maxlength=\"400\" class=\"wpcf7-form-control wpcf7-email wpcf7-validates-as-required wpcf7-text wpcf7-validates-as-email\" aria-required=\"true\" aria-invalid=\"false\" value=\"\" type=\"email\" name=\"your-email\" \/><\/span>\n\t\t<\/p>\n\t<\/div>\n\t<div class=\"col-12 col-lg-12\">\n\t\t<p><label> Sujet * <\/label><span class=\"wpcf7-form-control-wrap\" data-name=\"your-subject\"><input size=\"40\" maxlength=\"400\" class=\"wpcf7-form-control wpcf7-text wpcf7-validates-as-required\" aria-required=\"true\" aria-invalid=\"false\" value=\"\" type=\"text\" name=\"your-subject\" \/><\/span>\n\t\t<\/p>\n\t<\/div>\n\t<div class=\"col-12 col-lg-12\">\n\t\t<p><label> Votre message <\/label><span class=\"wpcf7-form-control-wrap\" data-name=\"your-message\"><textarea cols=\"40\" rows=\"10\" maxlength=\"2000\" class=\"wpcf7-form-control wpcf7-textarea\" aria-invalid=\"false\" name=\"your-message\"><\/textarea><\/span>\n\t\t<\/p>\n\t<\/div>\n\t<div class=\"col-12 col-lg-12\">\n\t\t<p><input class=\"wpcf7-form-control wpcf7-submit has-spinner\" type=\"submit\" value=\"Envoyer un message\" \/>\n\t\t<\/p>\n\t<\/div>\n<\/div><div class=\"wpcf7-response-output\" aria-hidden=\"true\"><\/div>\n<input type=\"hidden\" name=\"trp-form-language\" value=\"fr\"\/><\/form>\n<\/div>\n<\/div><!-- contact-form -->\t\t\t\t<\/div>\n\t\t\t\t<\/div>\n\t\t\t\t<\/div>\n\t\t\t\t\t<\/div>\n\t\t\t\t<\/div>\n\t\t<div class=\"elementor-element elementor-element-38aaed0b elementor-hidden-mobile e-flex e-con-boxed e-con e-parent\" data-id=\"38aaed0b\" data-element_type=\"container\" data-e-type=\"container\">\n\t\t\t\t\t<div class=\"e-con-inner\">\n\t\t<div class=\"elementor-element elementor-element-56b62a11 e-flex e-con-boxed e-con e-child\" data-id=\"56b62a11\" data-element_type=\"container\" data-e-type=\"container\">\n\t\t\t\t\t<div class=\"e-con-inner\">\n\t\t\t\t<div class=\"elementor-element elementor-element-10f978a5 elementor-widget elementor-widget-grogin-icon-box\" data-id=\"10f978a5\" data-element_type=\"widget\" data-e-type=\"widget\" data-widget_type=\"grogin-icon-box.default\">\n\t\t\t\t<div class=\"elementor-widget-container\">\n\t\t\t\t\t<div class=\"site-iconbox d-flex align-items-start\"><div class=\"site-iconbox-icon\"><img decoding=\"async\" src=\"https:\/\/app.sellaagri.com\/wp-content\/uploads\/2025\/11\/iconV3.jpg\"><\/div><div class=\"site-iconbox-detail\"><h3 class=\"entry-title text-15 sm-text-16\">100% Paiements s\u00e9curis\u00e9s<\/h3><p class=\"text-13 text-gray-500 mb-0\">Toutes les transactions sont enti\u00e8rement s\u00e9curis\u00e9es et crypt\u00e9es en ligne.<\/p><\/div><\/div>\t\t\t\t<\/div>\n\t\t\t\t<\/div>\n\t\t\t\t\t<\/div>\n\t\t\t\t<\/div>\n\t\t<div class=\"elementor-element elementor-element-5fd7814c e-flex e-con-boxed e-con e-child\" data-id=\"5fd7814c\" data-element_type=\"container\" data-e-type=\"container\">\n\t\t\t\t\t<div class=\"e-con-inner\">\n\t\t\t\t<div class=\"elementor-element elementor-element-460ca005 elementor-widget elementor-widget-grogin-icon-box\" data-id=\"460ca005\" data-element_type=\"widget\" data-e-type=\"widget\" data-widget_type=\"grogin-icon-box.default\">\n\t\t\t\t<div class=\"elementor-widget-container\">\n\t\t\t\t\t<div class=\"site-iconbox d-flex align-items-start\"><div class=\"site-iconbox-icon\"><img decoding=\"async\" src=\"https:\/\/app.sellaagri.com\/wp-content\/uploads\/2025\/11\/iconV4.jpg\"><\/div><div class=\"site-iconbox-detail\"><h3 class=\"entry-title text-15 sm-text-16\">Meilleurs prix et fournisseurs<\/h3><p class=\"text-13 text-gray-500 mb-0\">Des prix comp\u00e9titifs provenant de fournisseurs v\u00e9rifi\u00e9s et de confiance.<\/p><\/div><\/div>\t\t\t\t<\/div>\n\t\t\t\t<\/div>\n\t\t\t\t\t<\/div>\n\t\t\t\t<\/div>\n\t\t<div class=\"elementor-element elementor-element-579c342 e-flex e-con-boxed e-con e-child\" data-id=\"579c342\" data-element_type=\"container\" data-e-type=\"container\">\n\t\t\t\t\t<div class=\"e-con-inner\">\n\t\t\t\t<div class=\"elementor-element elementor-element-619b4b9c elementor-widget elementor-widget-grogin-icon-box\" data-id=\"619b4b9c\" data-element_type=\"widget\" data-e-type=\"widget\" data-widget_type=\"grogin-icon-box.default\">\n\t\t\t\t<div class=\"elementor-widget-container\">\n\t\t\t\t\t<div class=\"site-iconbox d-flex align-items-start\"><div class=\"site-iconbox-icon\"><img decoding=\"async\" src=\"https:\/\/app.sellaagri.com\/wp-content\/uploads\/2025\/11\/iconV1.jpg\"><\/div><div class=\"site-iconbox-detail\"><h3 class=\"entry-title text-15 sm-text-16\">Service client\u00e8le 24\/7\n<\/h3><p class=\"text-13 text-gray-500 mb-0\">Une assistance professionnelle est disponible 24 heures sur 24, tous les jours.<\/p><\/div><\/div>\t\t\t\t<\/div>\n\t\t\t\t<\/div>\n\t\t\t\t\t<\/div>\n\t\t\t\t<\/div>\n\t\t<div class=\"elementor-element elementor-element-551e7cd3 e-flex e-con-boxed e-con e-child\" data-id=\"551e7cd3\" data-element_type=\"container\" data-e-type=\"container\">\n\t\t\t\t\t<div class=\"e-con-inner\">\n\t\t\t\t<div class=\"elementor-element elementor-element-5772fd7f elementor-widget elementor-widget-grogin-icon-box\" data-id=\"5772fd7f\" data-element_type=\"widget\" data-e-type=\"widget\" data-widget_type=\"grogin-icon-box.default\">\n\t\t\t\t<div class=\"elementor-widget-container\">\n\t\t\t\t\t<div class=\"site-iconbox d-flex align-items-start\"><div class=\"site-iconbox-icon\"><img decoding=\"async\" src=\"https:\/\/app.sellaagri.com\/wp-content\/uploads\/2025\/11\/iconV2.jpg\"><\/div><div class=\"site-iconbox-detail\"><h3 class=\"entry-title text-15 sm-text-16\">Exp\u00e9dition dans le monde entier<\/h3><p class=\"text-13 text-gray-500 mb-0\">Une exp\u00e9dition efficace et fiable dans le monde entier.<\/p><\/div><\/div>\t\t\t\t<\/div>\n\t\t\t\t<\/div>\n\t\t\t\t\t<\/div>\n\t\t\t\t<\/div>\n\t\t\t\t\t<\/div>\n\t\t\t\t<\/div>\n\t\t\t\t<\/div>","protected":false},"excerpt":{"rendered":"<p>Contact With Us You can ask us questions Contact us for all your questions and opinions, or you can solve your problems in a shorter time with our contact offices. Our Offices On dekande mydurtad mora \u00e4ven om skurkstat. Semirade timaheten rena. Radiogen pasam inte loba \u00e4ven om prerade i garanterad traditionell specialitet till bebel.<\/p>\n<div class=\"klb-readmore entry-button\"><a class=\"btn btn-primary link\" href=\"https:\/\/app.sellaagri.com\/fr\/contact\/\">Lire la suite <i class=\"klbth-icon-right-arrow\"><\/i><\/a><\/div>","protected":false},"author":1,"featured_media":0,"parent":0,"menu_order":0,"comment_status":"closed","ping_status":"closed","template":"","meta":{"footnotes":""},"class_list":["post-2574","page","type-page","status-publish","hentry"],"_links":{"self":[{"href":"https:\/\/app.sellaagri.com\/fr\/wp-json\/wp\/v2\/pages\/2574","targetHints":{"allow":["GET"]}}],"collection":[{"href":"https:\/\/app.sellaagri.com\/fr\/wp-json\/wp\/v2\/pages"}],"about":[{"href":"https:\/\/app.sellaagri.com\/fr\/wp-json\/wp\/v2\/types\/page"}],"author":[{"embeddable":true,"href":"https:\/\/app.sellaagri.com\/fr\/wp-json\/wp\/v2\/users\/1"}],"replies":[{"embeddable":true,"href":"https:\/\/app.sellaagri.com\/fr\/wp-json\/wp\/v2\/comments?post=2574"}],"version-history":[{"count":9,"href":"https:\/\/app.sellaagri.com\/fr\/wp-json\/wp\/v2\/pages\/2574\/revisions"}],"predecessor-version":[{"id":5034,"href":"https:\/\/app.sellaagri.com\/fr\/wp-json\/wp\/v2\/pages\/2574\/revisions\/5034"}],"wp:attachment":[{"href":"https:\/\/app.sellaagri.com\/fr\/wp-json\/wp\/v2\/media?parent=2574"}],"curies":[{"name":"wp","href":"https:\/\/api.w.org\/{rel}","templated":true}]}}